{"id":785,"date":"2024-02-07T10:36:14","date_gmt":"2024-02-07T09:36:14","guid":{"rendered":"https:\/\/apccg.fr\/?page_id=785"},"modified":"2025-02-24T20:57:16","modified_gmt":"2025-02-24T19:57:16","slug":"section-producteur","status":"publish","type":"page","link":"https:\/\/apccg.fr\/?page_id=785","title":{"rendered":"Section Producteur"},"content":{"rendered":"\n<p>En construction<\/p>\n\n\n\n<div class=\"wp-block-group is-nowrap is-layout-flex wp-container-core-group-is-layout-ad2f72ca wp-block-group-is-layout-flex\">\n<h2 class=\"wp-block-heading\">C\u00e8pes et champignons du M\u00e9doc<\/h2>\n\n\n\n<p><img loading=\"lazy\" decoding=\"async\" width=\"150\" height=\"150\" class=\"wp-image-635 lazyload\" style=\"--smush-placeholder-width: 150px; --smush-placeholder-aspect-ratio: 150\/150;width: 150px;\" data-src=\"https:\/\/apccg.fr\/wp-content\/uploads\/2023\/09\/cropped-logo-CCM.png\" alt=\"\" data-srcset=\"https:\/\/apccg.fr\/wp-content\/uploads\/2023\/09\/cropped-logo-CCM.png 512w, https:\/\/apccg.fr\/wp-content\/uploads\/2023\/09\/cropped-logo-CCM-300x300.png 300w, https:\/\/apccg.fr\/wp-content\/uploads\/2023\/09\/cropped-logo-CCM-150x150.png 150w, https:\/\/apccg.fr\/wp-content\/uploads\/2023\/09\/cropped-logo-CCM-270x270.png 270w, https:\/\/apccg.fr\/wp-content\/uploads\/2023\/09\/cropped-logo-CCM-192x192.png 192w, https:\/\/apccg.fr\/wp-content\/uploads\/2023\/09\/cropped-logo-CCM-180x180.png 180w, https:\/\/apccg.fr\/wp-content\/uploads\/2023\/09\/cropped-logo-CCM-32x32.png 32w\" data-sizes=\"auto, (max-width: 150px) 100vw, 150px\" src=\"data:image\/gif;base64,R0lGODlhAQABAAAAACH5BAEKAAEALAAAAAABAAEAAAICTAEAOw==\" \/><noscript><img loading=\"lazy\" decoding=\"async\" width=\"150\" height=\"150\" class=\"wp-image-635\" style=\"width: 150px;\" src=\"https:\/\/apccg.fr\/wp-content\/uploads\/2023\/09\/cropped-logo-CCM.png\" alt=\"\" srcset=\"https:\/\/apccg.fr\/wp-content\/uploads\/2023\/09\/cropped-logo-CCM.png 512w, https:\/\/apccg.fr\/wp-content\/uploads\/2023\/09\/cropped-logo-CCM-300x300.png 300w, https:\/\/apccg.fr\/wp-content\/uploads\/2023\/09\/cropped-logo-CCM-150x150.png 150w, https:\/\/apccg.fr\/wp-content\/uploads\/2023\/09\/cropped-logo-CCM-270x270.png 270w, https:\/\/apccg.fr\/wp-content\/uploads\/2023\/09\/cropped-logo-CCM-192x192.png 192w, https:\/\/apccg.fr\/wp-content\/uploads\/2023\/09\/cropped-logo-CCM-180x180.png 180w, https:\/\/apccg.fr\/wp-content\/uploads\/2023\/09\/cropped-logo-CCM-32x32.png 32w\" sizes=\"auto, (max-width: 150px) 100vw, 150px\" \/><\/noscript>Marque d\u00e9pos\u00e9e INPI<\/p>\n\n\n\n<div data-wp-interactive=\"core\/file\" class=\"wp-block-file\"><object data-wp-bind--hidden=\"!state.hasPdfPreview\" hidden class=\"wp-block-file__embed\" data=\"https:\/\/apccg.fr\/wp-content\/uploads\/2024\/06\/Marque-notice-complete_000450.pdf\" type=\"application\/pdf\" style=\"width:100%;height:200px\" aria-label=\"Contenu embarqu\u00e9 Marque-notice-complete_000450.\"><\/object><a id=\"wp-block-file--media-a46e178e-61ff-4df7-8247-fed60dbc6e21\" href=\"https:\/\/apccg.fr\/wp-content\/uploads\/2024\/06\/Marque-notice-complete_000450.pdf\">Marque-notice-complete_000450<\/a><a href=\"https:\/\/apccg.fr\/wp-content\/uploads\/2024\/06\/Marque-notice-complete_000450.pdf\" class=\"wp-block-file__button wp-element-button\" download aria-describedby=\"wp-block-file--media-a46e178e-61ff-4df7-8247-fed60dbc6e21\">T\u00e9l\u00e9charger<\/a><\/div>\n<\/div>\n\n\n\n<div class=\"wp-block-cover is-light\"><span aria-hidden=\"true\" class=\"wp-block-cover__background has-light-green-cyan-background-color has-background-dim\"><\/span><div class=\"wp-block-cover__inner-container is-layout-flow wp-block-cover-is-layout-flow\">\n<div class=\"wp-block-group\"><div class=\"wp-block-group__inner-container is-layout-constrained wp-block-group-is-layout-constrained\">\n<h2 class=\"wp-block-heading has-vivid-green-cyan-background-color has-background has-x-large-font-size\">Elevage Shii-take<\/h2>\n\n\n\n<figure class=\"wp-block-image size-full\"><img loading=\"lazy\" decoding=\"async\" width=\"511\" height=\"358\" data-src=\"https:\/\/apccg.fr\/wp-content\/uploads\/2023\/11\/cropped-1.jpg\" alt=\"\" class=\"wp-image-421 lazyload\" data-srcset=\"https:\/\/apccg.fr\/wp-content\/uploads\/2023\/11\/cropped-1.jpg 511w, https:\/\/apccg.fr\/wp-content\/uploads\/2023\/11\/cropped-1-300x210.jpg 300w\" data-sizes=\"auto, (max-width: 511px) 100vw, 511px\" src=\"data:image\/gif;base64,R0lGODlhAQABAAAAACH5BAEKAAEALAAAAAABAAEAAAICTAEAOw==\" style=\"--smush-placeholder-width: 511px; --smush-placeholder-aspect-ratio: 511\/358;\" \/><noscript><img loading=\"lazy\" decoding=\"async\" width=\"511\" height=\"358\" src=\"https:\/\/apccg.fr\/wp-content\/uploads\/2023\/11\/cropped-1.jpg\" alt=\"\" class=\"wp-image-421\" srcset=\"https:\/\/apccg.fr\/wp-content\/uploads\/2023\/11\/cropped-1.jpg 511w, https:\/\/apccg.fr\/wp-content\/uploads\/2023\/11\/cropped-1-300x210.jpg 300w\" sizes=\"auto, (max-width: 511px) 100vw, 511px\" \/><\/noscript><figcaption class=\"wp-element-caption\">Lentin du ch\u00eane<\/figcaption><\/figure>\n\n\n\n<p class=\"has-large-font-size\"><a href=\"https:\/\/apccg.fr\/wp-content\/uploads\/2024\/06\/Elevage-de-Shii-Take-sur-buches.pdf\" data-type=\"attachment\" data-id=\"990\">Elevage-de-Shii-Take-sur-buches<\/a><\/p>\n\n\n\n<p><a href=\"https:\/\/www.fermedesaintemarthe.com\/la-culture-du-shiitake-sur-bois-p-8815\">Culture du Shii-take sur bois &#8211; Ferme de Sainte Marthe<\/a><\/p>\n<\/div><\/div>\n<\/div><\/div>\n\n\n\n<div class=\"wp-block-group\"><div class=\"wp-block-group__inner-container is-layout-constrained wp-block-group-is-layout-constrained\">\n<h3 class=\"wp-block-heading has-white-color has-vivid-cyan-blue-background-color has-text-color has-background has-link-color has-large-font-size wp-elements-52fffe0e83765beddfdf50f8b8e17dcc\">Atelier ensemencement Shiitake samedi 25 janvier 2025<\/h3>\n\n\n\n<figure class=\"wp-block-video\"><video height=\"864\" style=\"aspect-ratio: 480 \/ 864;\" width=\"480\" controls src=\"https:\/\/apccg.fr\/wp-content\/uploads\/2025\/02\/WhatsApp-Video-2025-01-27-at-12.14.09.mp4\"><\/video><\/figure>\n<\/div><\/div>\n","protected":false},"excerpt":{"rendered":"<p>En construction C\u00e8pes et champignons du M\u00e9doc Marque d\u00e9pos\u00e9e INPI Atelier ensemencement Shiitake samedi 25 janvier 2025<\/p>\n","protected":false},"author":2,"featured_media":0,"parent":0,"menu_order":0,"comment_status":"closed","ping_status":"closed","template":"","meta":{"footnotes":""},"class_list":["post-785","page","type-page","status-publish","hentry"],"_links":{"self":[{"href":"https:\/\/apccg.fr\/index.php?rest_route=\/wp\/v2\/pages\/785","targetHints":{"allow":["GET"]}}],"collection":[{"href":"https:\/\/apccg.fr\/index.php?rest_route=\/wp\/v2\/pages"}],"about":[{"href":"https:\/\/apccg.fr\/index.php?rest_route=\/wp\/v2\/types\/page"}],"author":[{"embeddable":true,"href":"https:\/\/apccg.fr\/index.php?rest_route=\/wp\/v2\/users\/2"}],"replies":[{"embeddable":true,"href":"https:\/\/apccg.fr\/index.php?rest_route=%2Fwp%2Fv2%2Fcomments&post=785"}],"version-history":[{"count":6,"href":"https:\/\/apccg.fr\/index.php?rest_route=\/wp\/v2\/pages\/785\/revisions"}],"predecessor-version":[{"id":1312,"href":"https:\/\/apccg.fr\/index.php?rest_route=\/wp\/v2\/pages\/785\/revisions\/1312"}],"wp:attachment":[{"href":"https:\/\/apccg.fr\/index.php?rest_route=%2Fwp%2Fv2%2Fmedia&parent=785"}],"curies":[{"name":"wp","href":"https:\/\/api.w.org\/{rel}","templated":true}]}}