{"id":1013,"date":"2024-07-02T11:13:57","date_gmt":"2024-07-02T09:13:57","guid":{"rendered":"https:\/\/apccg.fr\/?page_id=1013"},"modified":"2025-03-06T22:57:59","modified_gmt":"2025-03-06T21:57:59","slug":"archives","status":"publish","type":"page","link":"https:\/\/apccg.fr\/?page_id=1013","title":{"rendered":"Archives 2021 \u00e0 2024"},"content":{"rendered":"\n<h1 class=\"wp-block-heading has-vivid-green-cyan-background-color has-background has-large-font-size\"><strong>Assembl\u00e9e g\u00e9n\u00e9rale 23 novembre 2024<\/strong><\/h1>\n\n\n\n<div data-wp-interactive=\"core\/file\" class=\"wp-block-file\"><object data-wp-bind--hidden=\"!state.hasPdfPreview\" hidden class=\"wp-block-file__embed\" data=\"https:\/\/apccg.fr\/wp-content\/uploads\/2025\/03\/APCCG-PV-AG-2023-2024_000141.pdf\" type=\"application\/pdf\" style=\"width:100%;height:600px\" aria-label=\"Contenu embarqu\u00e9 APCCG - PV AG 2023-2024_000141.\"><\/object><a id=\"wp-block-file--media-9ef653e1-1de3-462e-aa13-144aca1f2926\" href=\"https:\/\/apccg.fr\/wp-content\/uploads\/2025\/03\/APCCG-PV-AG-2023-2024_000141.pdf\">APCCG &#8211; PV AG 2023-2024_000141<\/a><a href=\"https:\/\/apccg.fr\/wp-content\/uploads\/2025\/03\/APCCG-PV-AG-2023-2024_000141.pdf\" class=\"wp-block-file__button wp-element-button\" download aria-describedby=\"wp-block-file--media-9ef653e1-1de3-462e-aa13-144aca1f2926\">T\u00e9l\u00e9charger<\/a><\/div>\n\n\n\n<div id=\"AG-APCCG-2023\" class=\"wp-block-group\"><div class=\"wp-block-group__inner-container is-layout-constrained wp-block-group-is-layout-constrained\">\n<h1 class=\"wp-block-heading has-light-green-cyan-background-color has-background\">Assembl\u00e9e g\u00e9n\u00e9rale 25 novembre 2023<\/h1>\n\n\n\n<div data-wp-interactive=\"core\/file\" class=\"wp-block-file\"><object data-wp-bind--hidden=\"!state.hasPdfPreview\" hidden class=\"wp-block-file__embed\" data=\"https:\/\/apccg.fr\/wp-content\/uploads\/2024\/02\/Compte-rendu-AG.pdf\" type=\"application\/pdf\" style=\"width:100%;height:600px\" aria-label=\"Contenu embarqu\u00e9 Compte-rendu-AG 25 novembre 2023.\"><\/object><a id=\"wp-block-file--media-6367e001-e091-4785-b6d9-8daf4fe87dbd\" href=\"https:\/\/apccg.fr\/wp-content\/uploads\/2024\/02\/Compte-rendu-AG.pdf\">Compte-rendu-AG 25 novembre 2023<\/a><a href=\"https:\/\/apccg.fr\/wp-content\/uploads\/2024\/02\/Compte-rendu-AG.pdf\" class=\"wp-block-file__button wp-element-button\" download aria-describedby=\"wp-block-file--media-6367e001-e091-4785-b6d9-8daf4fe87dbd\">T\u00e9l\u00e9charger<\/a><\/div>\n<\/div><\/div>\n\n\n\n<div style=\"height:100px\" aria-hidden=\"true\" class=\"wp-block-spacer\"><\/div>\n\n\n\n<div id=\"AG-APCCG-2022\" class=\"wp-block-group\"><div class=\"wp-block-group__inner-container is-layout-constrained wp-block-group-is-layout-constrained\">\n<h1 class=\"wp-block-heading has-pale-pink-background-color has-background\">Assembl\u00e9e g\u00e9n\u00e9rale 22 octobre 2022<\/h1>\n\n\n\n<div data-wp-interactive=\"core\/file\" class=\"wp-block-file\"><object data-wp-bind--hidden=\"!state.hasPdfPreview\" hidden class=\"wp-block-file__embed\" data=\"https:\/\/apccg.fr\/wp-content\/uploads\/2024\/07\/CR-AGO-22-10-2022.pdf\" type=\"application\/pdf\" style=\"width:100%;height:600px\" aria-label=\"Contenu embarqu\u00e9 CR-AGO-22-10-2022.\"><\/object><a id=\"wp-block-file--media-f8e04ef2-1260-471b-b80f-e7e74d9d70ca\" href=\"https:\/\/apccg.fr\/wp-content\/uploads\/2024\/07\/CR-AGO-22-10-2022.pdf\">CR-AGO-22-10-2022<\/a><a href=\"https:\/\/apccg.fr\/wp-content\/uploads\/2024\/07\/CR-AGO-22-10-2022.pdf\" class=\"wp-block-file__button wp-element-button\" download aria-describedby=\"wp-block-file--media-f8e04ef2-1260-471b-b80f-e7e74d9d70ca\">T\u00e9l\u00e9charger<\/a><\/div>\n\n\n\n<div class=\"wp-block-group\"><div class=\"wp-block-group__inner-container is-layout-constrained wp-block-group-is-layout-constrained\">\n<h2 class=\"wp-block-heading has-pale-pink-background-color has-background\">Projet de cuir de champignon &#8211; Thibaud TRICHEREAU 2022<\/h2>\n\n\n\n<div data-wp-interactive=\"core\/file\" class=\"wp-block-file\"><object data-wp-bind--hidden=\"!state.hasPdfPreview\" hidden class=\"wp-block-file__embed\" data=\"https:\/\/apccg.fr\/wp-content\/uploads\/2024\/07\/221114_Projet-de-cuir-de-champignon_simpl.pdf\" type=\"application\/pdf\" style=\"width:100%;height:600px\" aria-label=\"Contenu embarqu\u00e9 221114_Projet-de-cuir-de-champignon_simpl.\"><\/object><a id=\"wp-block-file--media-bfbbf674-25f9-423a-9c15-34e311356129\" href=\"https:\/\/apccg.fr\/wp-content\/uploads\/2024\/07\/221114_Projet-de-cuir-de-champignon_simpl.pdf\" target=\"_blank\" rel=\"noreferrer noopener\">221114_Projet-de-cuir-de-champignon_simpl<\/a><a href=\"https:\/\/apccg.fr\/wp-content\/uploads\/2024\/07\/221114_Projet-de-cuir-de-champignon_simpl.pdf\" class=\"wp-block-file__button wp-element-button\" download aria-describedby=\"wp-block-file--media-bfbbf674-25f9-423a-9c15-34e311356129\">T\u00e9l\u00e9charger<\/a><\/div>\n<\/div><\/div>\n<\/div><\/div>\n\n\n\n<div style=\"height:100px\" aria-hidden=\"true\" class=\"wp-block-spacer\"><\/div>\n\n\n\n<div id=\"ag-ap)ccg-2021\" class=\"wp-block-group\"><div class=\"wp-block-group__inner-container is-layout-constrained wp-block-group-is-layout-constrained\">\n<h1 class=\"wp-block-heading has-luminous-vivid-amber-background-color has-background\">Assembl\u00e9e g\u00e9n\u00e9rale 13 novembre 2021<\/h1>\n\n\n\n<div data-wp-interactive=\"core\/file\" class=\"wp-block-file\"><object data-wp-bind--hidden=\"!state.hasPdfPreview\" hidden class=\"wp-block-file__embed\" data=\"https:\/\/apccg.fr\/wp-content\/uploads\/2024\/07\/CR-AGO-13-11-21.pdf\" type=\"application\/pdf\" style=\"width:100%;height:600px\" aria-label=\"Contenu embarqu\u00e9 CR-AGO-13-11-21.\"><\/object><a id=\"wp-block-file--media-37061d95-5e0e-4fcc-aee7-545733bb064e\" href=\"https:\/\/apccg.fr\/wp-content\/uploads\/2024\/07\/CR-AGO-13-11-21.pdf\">CR-AGO-13-11-21<\/a><a href=\"https:\/\/apccg.fr\/wp-content\/uploads\/2024\/07\/CR-AGO-13-11-21.pdf\" class=\"wp-block-file__button wp-element-button\" download aria-describedby=\"wp-block-file--media-37061d95-5e0e-4fcc-aee7-545733bb064e\">T\u00e9l\u00e9charger<\/a><\/div>\n<\/div><\/div>\n","protected":false},"excerpt":{"rendered":"<p>Assembl\u00e9e g\u00e9n\u00e9rale 23 novembre 2024 Assembl\u00e9e g\u00e9n\u00e9rale 25 novembre 2023 Assembl\u00e9e g\u00e9n\u00e9rale 22 octobre 2022 Projet de cuir de champignon &#8211; Thibaud TRICHEREAU 2022 Assembl\u00e9e g\u00e9n\u00e9rale 13 novembre 2021<\/p>\n","protected":false},"author":3,"featured_media":0,"parent":0,"menu_order":0,"comment_status":"open","ping_status":"closed","template":"","meta":{"footnotes":""},"class_list":["post-1013","page","type-page","status-publish","hentry"],"_links":{"self":[{"href":"https:\/\/apccg.fr\/index.php?rest_route=\/wp\/v2\/pages\/1013","targetHints":{"allow":["GET"]}}],"collection":[{"href":"https:\/\/apccg.fr\/index.php?rest_route=\/wp\/v2\/pages"}],"about":[{"href":"https:\/\/apccg.fr\/index.php?rest_route=\/wp\/v2\/types\/page"}],"author":[{"embeddable":true,"href":"https:\/\/apccg.fr\/index.php?rest_route=\/wp\/v2\/users\/3"}],"replies":[{"embeddable":true,"href":"https:\/\/apccg.fr\/index.php?rest_route=%2Fwp%2Fv2%2Fcomments&post=1013"}],"version-history":[{"count":10,"href":"https:\/\/apccg.fr\/index.php?rest_route=\/wp\/v2\/pages\/1013\/revisions"}],"predecessor-version":[{"id":1358,"href":"https:\/\/apccg.fr\/index.php?rest_route=\/wp\/v2\/pages\/1013\/revisions\/1358"}],"wp:attachment":[{"href":"https:\/\/apccg.fr\/index.php?rest_route=%2Fwp%2Fv2%2Fmedia&parent=1013"}],"curies":[{"name":"wp","href":"https:\/\/api.w.org\/{rel}","templated":true}]}}